{"id":9,"date":"2022-08-25T13:30:35","date_gmt":"2022-08-25T11:30:35","guid":{"rendered":"https:\/\/bjjnoeat.wordpress.com\/?page_id=7"},"modified":"2023-04-09T08:42:21","modified_gmt":"2023-04-09T08:42:21","slug":"home-2","status":"publish","type":"page","link":"https:\/\/www.bjj-noe.at\/en\/","title":{"rendered":"Home"},"content":{"rendered":"<h4 class=\"wp-block-heading has-text-align-center has-primary-color has-text-color\" style=\"font-style:normal;font-weight:300\">THE BENEFITS OF <\/h4>\n\n\n\n<h2 class=\"wp-block-heading has-text-align-center has-text-color\" style=\"color:#12962a;font-style:normal;font-weight:700\">BRAZILIAN JIU-JITSU<\/h2>\n\n\n\n<p class=\"has-text-align-center has-primary-color has-text-color\">At BJJ Nieder\u00f6sterreich, we believe that training can help every child and adult develop the mental and physical skills they need to succeed in life. BJJ isn\u2019t just about self-defence like so many believe. BJJ is the only martial art that does not include striking or hitting, instead, it uses leverage to subdue your opponent. With proper training, a small person can control a larger person. Benefits of training include self-confidence, improved focus, physical strength, and positive social interaction. BJJ N\u00d6 teaches our members to set goals, work hard, and follow through, all the while having fun and making friends.<\/p>\n\n\n\n<div style=\"height:100px\" aria-hidden=\"true\" class=\"wp-block-spacer\"><\/div>\n\n\n\n<div class=\"wp-block-cover alignfull has-parallax\"><span aria-hidden=\"true\" class=\"wp-block-cover__background has-background-dim-20 has-background-dim\" style=\"background-color:#000000\"><\/span><div role=\"img\" class=\"wp-block-cover__image-background wp-image-598 has-parallax\" style=\"background-position:50% 50%;background-image:url(https:\/\/www.bjj-noe.at\/wp-content\/uploads\/2022\/10\/WhatsApp-Image-2022-09-05-at-14.00.30.jpeg)\"><\/div><div class=\"wp-block-cover__inner-container is-layout-flow wp-block-cover-is-layout-flow\">\n<hr class=\"wp-block-separator has-text-color has-white-color has-alpha-channel-opacity has-white-background-color has-background\"\/>\n\n\n\n<blockquote class=\"wp-block-quote has-text-align-center has-white-color has-text-color has-medium-font-size is-layout-flow wp-block-quote-is-layout-flow\" style=\"font-style:italic;font-weight:800\">\n<p><em>\u201c<strong>Man kann dir den Weg weisen, aber gehen musst du ihn selbst.<\/strong>\u201d<\/em><\/p>\n<cite>&#8211; Bruce Lee<\/cite><\/blockquote>\n\n\n\n<hr class=\"wp-block-separator has-text-color has-white-color has-alpha-channel-opacity has-white-background-color has-background\"\/>\n<\/div><\/div>\n\n\n\n<div style=\"height:84px\" aria-hidden=\"true\" class=\"wp-block-spacer\"><\/div>\n\n\n\n<p class=\"has-text-align-center\">At BJJ N\u00d6, we work with adults from many backgrounds and levels. Our black belt instructor will teach you all of the fundamentals, ground fighting, and submission techniques, all while enjoying the additional benefits of learning this martial art.<\/p>\n\n\n\n<div class=\"wp-block-buttons is-content-justification-center is-layout-flex wp-container-core-buttons-is-layout-a89b3969 wp-block-buttons-is-layout-flex\">\n<div class=\"wp-block-button has-custom-font-size has-small-font-size\"><a class=\"wp-block-button__link wp-element-button\" href=\"https:\/\/www.bjj-noe.at\/en\/about-deutsch\/\" style=\"border-radius:10px\">More about us<\/a><\/div>\n<\/div>\n\n\n\n<div style=\"height:100px\" aria-hidden=\"true\" class=\"wp-block-spacer\"><\/div>\n\n\n\n<hr class=\"wp-block-separator has-css-opacity\"\/>\n\n\n\n<div style=\"height:32px\" aria-hidden=\"true\" class=\"wp-block-spacer\"><\/div>\n\n\n\n<h1 class=\"wp-block-heading has-text-align-center has-primary-color has-text-color\">Upcoming Classes<\/h1>\n\n\n\n<div class=\"wp-block-columns alignwide is-layout-flex wp-container-core-columns-is-layout-28f84493 wp-block-columns-is-layout-flex\">\n<div class=\"wp-block-column is-layout-flow wp-block-column-is-layout-flow\">\n<h2 class=\"wp-block-heading has-text-align-center has-primary-color has-text-color\">Wednesday<\/h2>\n\n\n\n<p class=\"has-text-align-center\"><strong>Maria Anzbach<\/strong><br>Beginners\u2018 class<br><br>19:15 &#8211; 20:45<\/p>\n<\/div>\n\n\n\n<div class=\"wp-block-column is-layout-flow wp-block-column-is-layout-flow\">\n<h2 class=\"wp-block-heading has-text-align-center has-primary-color has-text-color\">Freitag<\/h2>\n\n\n\n<p class=\"has-text-align-center\"><strong><strong>Maria Anzbach<\/strong><\/strong><br>Beginners\u2018 class<br><br>17:00 &#8211; 18:00 (Kindertraining)<br>18:15 &#8211; 19:45 (Erwachsene)<\/p>\n<\/div>\n\n\n\n<div class=\"wp-block-column is-layout-flow wp-block-column-is-layout-flow\">\n<h2 class=\"wp-block-heading has-text-align-center has-primary-color has-text-color\">Sunday<\/h2>\n\n\n\n<p class=\"has-text-align-center\"><strong>Maria Anzbach<\/strong><br><strong> <\/strong>Beginners\u2018 class<br><br>18:30 &#8211; 20:00<\/p>\n<\/div>\n<\/div>\n\n\n\n<p><\/p>\n\n\n\n<div class=\"wp-block-buttons is-content-justification-center is-layout-flex wp-container-core-buttons-is-layout-a89b3969 wp-block-buttons-is-layout-flex\">\n<div class=\"wp-block-button has-custom-font-size has-small-font-size\"><a class=\"wp-block-button__link wp-element-button\" href=\"https:\/\/www.bjj-noe.at\/en\/programs-deutsch\/\" style=\"border-radius:10px\">More about programmes<\/a><\/div>\n<\/div>\n\n\n\n<div style=\"height:100px\" aria-hidden=\"true\" class=\"wp-block-spacer\"><\/div>\n\n\n\n<div class=\"wp-block-cover alignfull is-light has-parallax\"><span aria-hidden=\"true\" class=\"wp-block-cover__background has-background-dim-20 has-background-dim\" style=\"background-color:#000000\"><\/span><div role=\"img\" class=\"wp-block-cover__image-background wp-image-699 has-parallax\" style=\"background-position:50% 50%;background-image:url(https:\/\/www.bjj-noe.at\/wp-content\/uploads\/2022\/10\/Group-Photo-1-scaled.jpeg)\"><\/div><div class=\"wp-block-cover__inner-container is-layout-flow wp-block-cover-is-layout-flow\">\n<hr class=\"wp-block-separator has-text-color has-white-color has-alpha-channel-opacity has-white-background-color has-background\"\/>\n\n\n\n<div style=\"height:20px\" aria-hidden=\"true\" class=\"wp-block-spacer\"><\/div>\n\n\n\n<h2 class=\"wp-block-heading alignwide has-text-align-center has-white-color has-text-color has-large-font-size\">Come join us!<\/h2>\n\n\n\n<div style=\"height:20px\" aria-hidden=\"true\" class=\"wp-block-spacer\"><\/div>\n\n\n\n<hr class=\"wp-block-separator has-text-color has-white-color has-alpha-channel-opacity has-white-background-color has-background\"\/>\n<\/div><\/div>\n\n\n\n<div style=\"height:84px\" aria-hidden=\"true\" class=\"wp-block-spacer\"><\/div>\n\n\n\n<p class=\"has-primary-color has-text-color\">F\u00fcr ein kostenloses Probetraining rufen Sie uns an (+43) 664 7885752 oder verwenden Sie das untenstehende Formular.<\/p>\n\n\n<div class=\"wpforms-container wpforms-container-full wpforms-block wpforms-block-daa1f386-332d-4bc9-8784-36c0154fa2aa\" id=\"wpforms-577\"><form id=\"wpforms-form-577\" class=\"wpforms-validate wpforms-form wpforms-ajax-form\" data-formid=\"577\" method=\"post\" enctype=\"multipart\/form-data\" action=\"\/en\/wp-json\/wp\/v2\/pages\/9\" data-token=\"4cebbbd048ff2bee5da38709f0ef19ad\" data-token-time=\"1776304952\" data-trp-original-action=\"\/en\/wp-json\/wp\/v2\/pages\/9\"><noscript class=\"wpforms-error-noscript\">Please enable JavaScript in your browser to complete this form.<\/noscript><div class=\"wpforms-field-container\"><div id=\"wpforms-577-field_4-container\" class=\"wpforms-field wpforms-field-name\" data-field-id=\"4\"><label class=\"wpforms-field-label\" for=\"wpforms-577-field_4\">Name  <span class=\"wpforms-required-label\">*<\/span><\/label><input type=\"text\" id=\"wpforms-577-field_4\" class=\"wpforms-field-medium wpforms-field-required\" name=\"wpforms[fields][4]\" required><\/div><div id=\"wpforms-577-field_2-container\" class=\"wpforms-field wpforms-field-email\" data-field-id=\"2\"><label class=\"wpforms-field-label\" for=\"wpforms-577-field_2\">e-Mail <span class=\"wpforms-required-label\">*<\/span><\/label><input type=\"email\" id=\"wpforms-577-field_2\" class=\"wpforms-field-medium wpforms-field-required\" name=\"wpforms[fields][2]\" spellcheck=\"false\" required><\/div><div id=\"wpforms-577-field_1-container\" class=\"wpforms-field wpforms-field-number\" data-field-id=\"1\"><label class=\"wpforms-field-label\" for=\"wpforms-577-field_1\">Phone number<\/label><input type=\"number\" id=\"wpforms-577-field_1\" class=\"wpforms-field-medium\" name=\"wpforms[fields][1]\" step=\"any\" ><\/div><div id=\"wpforms-577-field_3-container\" class=\"wpforms-field wpforms-field-textarea\" data-field-id=\"3\"><label class=\"wpforms-field-label\" for=\"wpforms-577-field_3\">Message <span class=\"wpforms-required-label\">*<\/span><\/label><textarea id=\"wpforms-577-field_3\" class=\"wpforms-field-medium wpforms-field-required\" name=\"wpforms[fields][3]\" required><\/textarea><\/div><\/div><!-- .wpforms-field-container --><div class=\"wpforms-submit-container\" ><input type=\"hidden\" name=\"wpforms[id]\" value=\"577\"><input type=\"hidden\" name=\"page_title\" value=\"\"><input type=\"hidden\" name=\"page_url\" value=\"https:\/\/www.bjj-noe.at\/en\/wp-json\/wp\/v2\/pages\/9\"><input type=\"hidden\" name=\"url_referer\" value=\"\"><button type=\"submit\" name=\"wpforms[submit]\" id=\"wpforms-submit-577\" class=\"wpforms-submit\" data-alt-text=\"Sending...\" data-submit-text=\"Submit\" aria-live=\"assertive\" value=\"wpforms-submit\">Submit<\/button><img loading=\"lazy\" decoding=\"async\" src=\"https:\/\/www.bjj-noe.at\/wp-content\/plugins\/wpforms-lite\/assets\/images\/submit-spin.svg\" class=\"wpforms-submit-spinner\" style=\"display: none;\" width=\"26\" height=\"26\" alt=\"Loading\"><\/div><input type=\"hidden\" name=\"trp-form-language\" value=\"en\"\/><\/form><\/div>  <!-- .wpforms-container -->\n\n\n<div class=\"wp-block-cover alignfull has-parallax\"><span aria-hidden=\"true\" class=\"wp-block-cover__background has-background-dim-10 has-background-dim\" style=\"background-color:#000000\"><\/span><div role=\"img\" class=\"wp-block-cover__image-background wp-image-644 has-parallax\" style=\"background-position:50% 50%;background-image:url(https:\/\/www.bjj-noe.at\/wp-content\/uploads\/2022\/10\/wp2631767.jpg)\"><\/div><div class=\"wp-block-cover__inner-container is-layout-flow wp-block-cover-is-layout-flow\">\n<h4 class=\"wp-block-heading alignwide has-text-align-center has-white-color has-text-color\" style=\"font-size:clamp(17.905px, 1.119rem + ((1vw - 3.2px) * 0.893), 28px);font-style:normal;font-weight:600\">Brazilian Jiu-Jitsu Nieder\u00f6sterreich<\/h4>\n\n\n\n<div style=\"height:32px\" aria-hidden=\"true\" class=\"wp-block-spacer desktop-only\"><\/div>\n\n\n\n<div class=\"wp-block-columns is-layout-flex wp-container-core-columns-is-layout-28f84493 wp-block-columns-is-layout-flex\">\n<div class=\"wp-block-column is-layout-flow wp-block-column-is-layout-flow\">\n<h3 class=\"wp-block-heading has-text-align-center has-white-color has-text-color\" style=\"font-style:normal;font-weight:700\">Open Hours<\/h3>\n\n\n\n<p class=\"has-text-align-center has-white-color has-text-color has-small-font-size\">Mon-Sun <br>15:00 &#8211; 21:00<\/p>\n<\/div>\n\n\n\n<div class=\"wp-block-column is-layout-flow wp-block-column-is-layout-flow\" id=\"https:\/\/goo.gl\/maps\/jQzoa5wxLLsFf6HT6\">\n<h3 class=\"wp-block-heading has-text-align-center has-white-color has-text-color\" style=\"font-style:normal;font-weight:700\">Location<\/h3>\n\n\n\n<p class=\"has-text-align-center has-white-color has-text-color has-small-font-size\">Sportplatzpromenade 34, <br>3034 Maria Anzbach<\/p>\n<\/div>\n\n\n\n<div class=\"wp-block-column is-layout-flow wp-block-column-is-layout-flow\">\n<h3 class=\"wp-block-heading has-text-align-center has-white-color has-text-color\" style=\"font-style:normal;font-weight:700\">Contact<\/h3>\n\n\n\n<p class=\"has-text-align-center has-white-color has-text-color has-small-font-size\">(+43) 664 7885752<br>info@bjj-noe.at<\/p>\n<\/div>\n<\/div>\n<\/div><\/div>\n\n\n\n<div style=\"height:100px\" aria-hidden=\"true\" class=\"wp-block-spacer\"><\/div>\n\n\n<div class=\"aligncenter wp-block-site-logo\"><a href=\"https:\/\/www.bjj-noe.at\/en\/\" class=\"custom-logo-link\" rel=\"home\"><img loading=\"lazy\" decoding=\"async\" width=\"181\" height=\"147\" src=\"https:\/\/i0.wp.com\/www.bjj-noe.at\/wp-content\/uploads\/2022\/10\/cropped-Logo-1b.png?fit=535%2C436&amp;ssl=1\" class=\"custom-logo\" alt=\"Brazilian Jiu-Jitsu\" srcset=\"https:\/\/i0.wp.com\/www.bjj-noe.at\/wp-content\/uploads\/2022\/10\/cropped-Logo-1b.png?w=535&amp;ssl=1 535w, https:\/\/i0.wp.com\/www.bjj-noe.at\/wp-content\/uploads\/2022\/10\/cropped-Logo-1b.png?resize=300%2C244&amp;ssl=1 300w, https:\/\/i0.wp.com\/www.bjj-noe.at\/wp-content\/uploads\/2022\/10\/cropped-Logo-1b.png?resize=15%2C12&amp;ssl=1 15w\" sizes=\"auto, 100vw\" \/><\/a><\/div>\n\n\n<p class=\"has-text-align-center\"><strong>COPYRIGHT 2022 BRAZILIAN JIU-JITSU NIEDER\u00d6STERREICH<\/strong><\/p>\n\n\n\n<div class=\"wp-block-buttons is-content-justification-center is-layout-flex wp-container-core-buttons-is-layout-c124d1c4 wp-block-buttons-is-layout-flex\">\n<div class=\"wp-block-button has-custom-font-size is-style-outline has-small-font-size is-style-outline--1\"><a class=\"wp-block-button__link wp-element-button\" href=\"https:\/\/www.bjj-noe.at\/en\/datenschutzerklrung\/?preview_id=297&amp;preview_nonce=203e156bcd&amp;preview=true\">Privacy Policy<\/a><\/div>\n\n\n\n<div class=\"wp-block-button has-custom-font-size is-style-outline has-small-font-size is-style-outline--2\"><a class=\"wp-block-button__link has-white-background-color has-background wp-element-button\" href=\"https:\/\/www.bjj-noe.at\/en\/impressum\/?preview=true\">IMpressum<\/a><\/div>\n<\/div>\n\n\n\n<div style=\"height:100px\" aria-hidden=\"true\" class=\"wp-block-spacer\"><\/div>","protected":false},"excerpt":{"rendered":"<p>DIE VORTEILE VON BRAZILIAN JIU-JITSU Wir von BJJ Nieder\u00f6sterreich glauben, dass das Training jedem Kind und Erwachsenen helfen kann, die geistigen und k\u00f6rperlichen F\u00e4higkeiten zu entwickeln, die sie brauchen, um im Leben erfolgreich zu sein. Beim BJJ geht es nicht nur um Selbstverteidigung, wie so viele glauben. BJJ ist die einzige Kampfsportart, die keine Schl\u00e4ge &hellip; <\/p>\n<p class=\"link-more\"><a href=\"https:\/\/www.bjj-noe.at\/en\/\" class=\"more-link\">Read more<span class=\"screen-reader-text\"> &#8222;Home&#8220;<\/span><\/a><\/p>","protected":false},"author":1,"featured_media":0,"parent":0,"menu_order":0,"comment_status":"closed","ping_status":"closed","template":"","meta":{"inspiro_hide_title":false,"footnotes":""},"class_list":["post-9","page","type-page","status-publish","hentry"],"jetpack_sharing_enabled":true,"_links":{"self":[{"href":"https:\/\/www.bjj-noe.at\/en\/wp-json\/wp\/v2\/pages\/9","targetHints":{"allow":["GET"]}}],"collection":[{"href":"https:\/\/www.bjj-noe.at\/en\/wp-json\/wp\/v2\/pages"}],"about":[{"href":"https:\/\/www.bjj-noe.at\/en\/wp-json\/wp\/v2\/types\/page"}],"author":[{"embeddable":true,"href":"https:\/\/www.bjj-noe.at\/en\/wp-json\/wp\/v2\/users\/1"}],"replies":[{"embeddable":true,"href":"https:\/\/www.bjj-noe.at\/en\/wp-json\/wp\/v2\/comments?post=9"}],"version-history":[{"count":0,"href":"https:\/\/www.bjj-noe.at\/en\/wp-json\/wp\/v2\/pages\/9\/revisions"}],"wp:attachment":[{"href":"https:\/\/www.bjj-noe.at\/en\/wp-json\/wp\/v2\/media?parent=9"}],"curies":[{"name":"wp","href":"https:\/\/api.w.org\/{rel}","templated":true}]}}