{"id":297,"date":"2022-10-01T10:55:46","date_gmt":"2022-10-01T08:55:46","guid":{"rendered":"https:\/\/bjj-noe.at\/?page_id=297"},"modified":"2022-11-04T07:16:16","modified_gmt":"2022-11-04T07:16:16","slug":"datenschutzerklrung","status":"publish","type":"page","link":"https:\/\/www.bjj-noe.at\/en\/datenschutzerklrung\/","title":{"rendered":"Privacy Policy"},"content":{"rendered":"<h6 class=\"wp-block-heading\">dsgvo<\/h6>\n\n\n\n<h5 class=\"wp-block-heading\"><strong>Erkl\u00e4rung zur informationspflicht<\/strong><\/h5>\n\n\n\n<p>Der Schutz Ihrer pers\u00f6nlichen Daten ist uns ein besonderes Anliegen. Wir verarbeiten Ihre Daten daher ausschlie\u00dflich auf Grundlage der gesetzlichen Bestimmungen (DSGVO, TKG 2003). In diesen Datenschutzinformationen informieren wir Sie \u00fcber die wichtigsten Aspekte der Datenverarbeitung im Rahmen unserer Website.<\/p>\n\n\n\n<p>Beim Besuch unserer Webseite wird Ihre IP-Adresse, Beginn und Ende der Sitzung f\u00fcr die Dauer dieser Sitzung erfasst. Dies ist technisch bedingt und stellt damit ein berechtigtes Interesse iSv Art 6 Abs 1 lit f DSGVO dar. Soweit im Folgenden nichts anderes geregelt wird, werden diese Daten von uns nicht weiterverarbeitet.<\/p>\n\n\n\n<h6 class=\"wp-block-heading\">KONTAKT MIT UNS<\/h6>\n\n\n\n<p>Wenn Sie per Formular auf der Website oder per E-Mail Kontakt mit uns aufnehmen, werden Ihre angegebenen Daten zwecks Bearbeitung der Anfrage und f\u00fcr den Fall von Anschlussfragen sechs Monate bei uns gespeichert. Diese Daten geben wir nicht ohne Ihre Einwilligung weiter.<\/p>\n\n\n\n<h6 class=\"wp-block-heading\">COOKIES<\/h6>\n\n\n\n<p>Unsere Website verwendet so genannte Cookies. Dabei handelt es sich um kleine Textdateien, die mit Hilfe des Browsers auf Ihrem Endger\u00e4t abgelegt werden. Sie richten keinen Schaden an. Wir nutzen Cookies dazu, unser Angebot nutzerfreundlich zu gestalten. Einige Cookies bleiben auf Ihrem Endger\u00e4t gespeichert, bis Sie diese l\u00f6schen. Sie erm\u00f6glichen es uns, Ihren Browser beim n\u00e4chsten Besuch wiederzukennen. Wenn Sie dies nicht w\u00fcnschen, so k\u00f6nnen Sie Ihren Browser so einrichten, dass er Sie \u00fcber das Setzen von Cookies informiert und Sie dies nur im Einzelfall erlauben. Bei der Deaktivierung von Cookies kann die Funktionalit\u00e4t unserer Website eingeschr\u00e4nkt sein.<\/p>\n\n\n\n<h6 class=\"wp-block-heading\">DATENSICHERHEIT<\/h6>\n\n\n\n<p>Wir ergreifen alle geeigneten technischen und organisatorischen Sicherheitsma\u00dfnahmen, um Ihre Daten vor Manipulation, Verlust, Zerst\u00f6rung oder dem unbefugten Zugriff Dritter zu sch\u00fctzen. Unsere Systeme sind gegen unbefugten Zugang gesichert. Wir weisen ausdr\u00fccklich darauf hin, dass das Internet trotz aller technischen Vorkehrungen keine absolute Datensicherheit zul\u00e4sst. F\u00fcr Handlungen von Dritten haften wir nicht.<\/p>\n\n\n\n<h6 class=\"wp-block-heading\">IHRE RECHTE<\/h6>\n\n\n\n<p>Ihnen stehen bez\u00fcglich Ihrer bei uns gespeicherten Daten grunds\u00e4tzlich die Rechte auf Auskunft, Berichtigung, L\u00f6schung, Einschr\u00e4nkung, Daten\u00fcbertragbarkeit, Widerruf und Widerspruch zu. Wenn Sie glauben, dass die Verarbeitung Ihrer Daten gegen das Datenschutzrecht verst\u00f6\u00dft oder Ihre datenschutzrechtlichen Anspr\u00fcche sonst in einer Weise verletzt worden sind, k\u00f6nnen Sie sich bei der uns (info@bjj-noe.at) oder der Datenschutzbeh\u00f6rde beschweren.<\/p>\n\n\n\n<p>Sollten Sie Fragen, Kommentare oder Anfragen bez\u00fcglich der Erhebung, Verarbeitung und Nutzung Ihrer personenbezogenen Daten durch uns haben, wenden Sie sich bitte unter den angegebenen Kontaktdaten an uns.<\/p>\n\n\n\n<h6 class=\"wp-block-heading\">KONTAKTDATEN<\/h6>\n\n\n\n<p>Lorenz Sadychow<\/p>\n\n\n\n<p>Brazilian Jiu-Jitsu Nieder\u00f6sterreich<br>Sportplatzpromenade 34, <br>3034 Maria Anzbach<br>\u00d6sterreich<\/p>\n\n\n\n<p>Tel.: (+43) 664 7885752<br>Email:\u00a0info@bjj-noe.at<\/p>","protected":false},"excerpt":{"rendered":"<p>dsgvo Erkl\u00e4rung zur informationspflicht Der Schutz Ihrer pers\u00f6nlichen Daten ist uns ein besonderes Anliegen. Wir verarbeiten Ihre Daten daher ausschlie\u00dflich auf Grundlage der gesetzlichen Bestimmungen (DSGVO, TKG 2003). In diesen Datenschutzinformationen informieren wir Sie \u00fcber die wichtigsten Aspekte der Datenverarbeitung im Rahmen unserer Website. Beim Besuch unserer Webseite wird Ihre IP-Adresse, Beginn und Ende der &hellip; <\/p>\n<p class=\"link-more\"><a href=\"https:\/\/www.bjj-noe.at\/en\/datenschutzerklrung\/\" class=\"more-link\">Read more<span class=\"screen-reader-text\"> &#8222;Datenschutzerklerung&#8220;<\/span><\/a><\/p>","protected":false},"author":1,"featured_media":0,"parent":0,"menu_order":0,"comment_status":"closed","ping_status":"closed","template":"","meta":{"inspiro_hide_title":false,"footnotes":""},"class_list":["post-297","page","type-page","status-publish","hentry"],"jetpack_sharing_enabled":true,"_links":{"self":[{"href":"https:\/\/www.bjj-noe.at\/en\/wp-json\/wp\/v2\/pages\/297","targetHints":{"allow":["GET"]}}],"collection":[{"href":"https:\/\/www.bjj-noe.at\/en\/wp-json\/wp\/v2\/pages"}],"about":[{"href":"https:\/\/www.bjj-noe.at\/en\/wp-json\/wp\/v2\/types\/page"}],"author":[{"embeddable":true,"href":"https:\/\/www.bjj-noe.at\/en\/wp-json\/wp\/v2\/users\/1"}],"replies":[{"embeddable":true,"href":"https:\/\/www.bjj-noe.at\/en\/wp-json\/wp\/v2\/comments?post=297"}],"version-history":[{"count":0,"href":"https:\/\/www.bjj-noe.at\/en\/wp-json\/wp\/v2\/pages\/297\/revisions"}],"wp:attachment":[{"href":"https:\/\/www.bjj-noe.at\/en\/wp-json\/wp\/v2\/media?parent=297"}],"curies":[{"name":"wp","href":"https:\/\/api.w.org\/{rel}","templated":true}]}}