{"id":285,"date":"2022-10-01T10:37:19","date_gmt":"2022-10-01T08:37:19","guid":{"rendered":"https:\/\/bjj-noe.at\/?page_id=285"},"modified":"2022-11-04T07:15:32","modified_gmt":"2022-11-04T07:15:32","slug":"impressum","status":"publish","type":"page","link":"https:\/\/www.bjj-noe.at\/en\/impressum\/","title":{"rendered":"Impressum"},"content":{"rendered":"<p>Information nach \u00a7 5 E-Commerce Gesetz<br>Impressum und Offenlegung nach \u00a7\u00a7 24, 25 Mediengesetz<\/p>\n\n\n\n<p>Lorenz Sadychow<\/p>\n\n\n\n<p>Brazilian Jiu-Jitsu Nieder\u00f6sterreich<br>Sportplatzpromenade 34, <br>3034 Maria Anzbach<br>\u00d6sterreich<\/p>\n\n\n\n<p>Tel.: (+43) 664 7885752<br>Email:\u00a0info@bjj-noe.at<br>Website: www.http:\/\/bjj-noe.at<\/p>\n\n\n\n<p>Autor der Texte, sofern nicht anders gekennzeichnet: Fernando Brucha<\/p>\n\n\n\n<p>Hero Video: Glass Half Full (<a href=\"https:\/\/www.youtube.com\/watch?v=L4jkJH-qACE&amp;ab_channel=GlassHalfFull\" data-type=\"URL\" data-id=\"https:\/\/www.youtube.com\/watch?v=L4jkJH-qACE&amp;ab_channel=GlassHalfFull\" target=\"_blank\" rel=\"noreferrer noopener\">source<\/a>)<\/p>\n\n\n\n<p>Webdesign &amp; Fotografie, sofern nicht anders gekennzeichnet:&nbsp;Diogo Gomes Lopes<\/p>\n\n\n\n<p>Reproduktion oder Vervielf\u00e4ltigung von Text -und Bildmaterial jedweder Art ist ohne schriftliche Genehmigung untersagt.<\/p>\n\n\n\n<p>Alle Rechte vorbehalten. Text, Grafiken, Bilder, Musiken, Videos und Animationen sowie deren Anordnung auf der Website von Diogo Gomes Lopes unterliegen dem Schutz des Urheberrechts und anderer Schutzgesetze. Der Inhalt dieser Website darf nicht zu kommerziellen Zwecken kopiert, verbreitet, ver\u00e4ndert oder Dritten zug\u00e4nglich gemacht werden. Die Website von Diogo Gomes Lopes enth\u00e4lt au\u00dferdem Inhalte, die dem Copyright Dritter unterliegen.<\/p>\n\n\n\n<p>Haftungsausschluss: F\u00fcr die Inhalte externer Links \u00fcbernehmen wir trotz sorgf\u00e4ltiger inhaltlicher Pr\u00fcfung keine Haftung. Den Inhalt verlinkter Seiten verantworten deren Betreiber.<\/p>","protected":false},"excerpt":{"rendered":"<p>Information nach \u00a7 5 E-Commerce GesetzImpressum und Offenlegung nach \u00a7\u00a7 24, 25 Mediengesetz Lorenz Sadychow Brazilian Jiu-Jitsu Nieder\u00f6sterreichSportplatzpromenade 34, 3034 Maria Anzbach\u00d6sterreich Tel.: (+43) 664 7885752Email:\u00a0info@bjj-noe.atWebsite: www.http:\/\/bjj-noe.at Autor der Texte, sofern nicht anders gekennzeichnet: Fernando Brucha Hero Video: Glass Half Full (source) Webdesign &amp; Fotografie, sofern nicht anders gekennzeichnet:&nbsp;Diogo Gomes Lopes Reproduktion oder Vervielf\u00e4ltigung von &hellip; <\/p>\n<p class=\"link-more\"><a href=\"https:\/\/www.bjj-noe.at\/en\/impressum\/\" class=\"more-link\">Read more<span class=\"screen-reader-text\"> &#8222;Impressum&#8220;<\/span><\/a><\/p>","protected":false},"author":1,"featured_media":0,"parent":0,"menu_order":0,"comment_status":"closed","ping_status":"closed","template":"","meta":{"inspiro_hide_title":false,"footnotes":""},"class_list":["post-285","page","type-page","status-publish","hentry"],"jetpack_sharing_enabled":true,"_links":{"self":[{"href":"https:\/\/www.bjj-noe.at\/en\/wp-json\/wp\/v2\/pages\/285","targetHints":{"allow":["GET"]}}],"collection":[{"href":"https:\/\/www.bjj-noe.at\/en\/wp-json\/wp\/v2\/pages"}],"about":[{"href":"https:\/\/www.bjj-noe.at\/en\/wp-json\/wp\/v2\/types\/page"}],"author":[{"embeddable":true,"href":"https:\/\/www.bjj-noe.at\/en\/wp-json\/wp\/v2\/users\/1"}],"replies":[{"embeddable":true,"href":"https:\/\/www.bjj-noe.at\/en\/wp-json\/wp\/v2\/comments?post=285"}],"version-history":[{"count":0,"href":"https:\/\/www.bjj-noe.at\/en\/wp-json\/wp\/v2\/pages\/285\/revisions"}],"wp:attachment":[{"href":"https:\/\/www.bjj-noe.at\/en\/wp-json\/wp\/v2\/media?parent=285"}],"curies":[{"name":"wp","href":"https:\/\/api.w.org\/{rel}","templated":true}]}}